{"id":4837,"date":"2021-09-09T09:25:23","date_gmt":"2021-09-09T09:25:23","guid":{"rendered":"https:\/\/kussendcafe.com.mx\/?post_type=product&#038;p=4837"},"modified":"2025-05-08T12:16:40","modified_gmt":"2025-05-08T18:16:40","slug":"la-sabiduria","status":"publish","type":"product","link":"https:\/\/kussendcafe.com.mx\/?product=la-sabiduria","title":{"rendered":"El Abuelo &#8211; Tostado"},"content":{"rendered":"<p>| Lavado Especial Tradicional |<\/p>\n<p>Altura: 1600 &#8211; 1800 msnm.<\/p>\n<p>Varietal: Typica y Bourbon.<\/p>\n<p>Cosecha: 2025<\/p>\n<p>Notas de: chocolate, az\u00facar marr\u00f3n, nueces, grosella-avellana y frutalidad sutil, cuerpo cremoso y acidez c\u00edtrica.<\/p>\n","protected":false},"excerpt":{"rendered":"<p>| Lavado Especial Tradicional |<\/p>\n","protected":false},"featured_media":5167,"template":"","meta":{"site-sidebar-layout":"default","site-content-layout":"default","ast-site-content-layout":"default","site-content-style":"default","site-sidebar-style":"default","ast-global-header-display":"","ast-banner-title-visibility":"","ast-main-header-display":"","ast-hfb-above-header-display":"","ast-hfb-below-header-display":"","ast-hfb-mobile-header-display":"","site-post-title":"","ast-breadcrumbs-content":"","ast-featured-img":"","footer-sml-layout":"","ast-disable-related-posts":"","theme-transparent-header-meta":"default","adv-header-id-meta":"","stick-header-meta":"","header-above-stick-meta":"","header-main-stick-meta":"","header-below-stick-meta":"","astra-migrate-meta-layouts":"set","ast-page-background-enabled":"default","ast-page-background-meta":{"desktop":{"background-color":"","background-image":"","background-repeat":"repeat","background-position":"center center","background-size":"auto","background-attachment":"scroll","background-type":"","background-media":"","overlay-type":"","overlay-color":"","overlay-opacity":"","overlay-gradient":""},"tablet":{"background-color":"","background-image":"","background-repeat":"repeat","background-position":"center center","background-size":"auto","background-attachment":"scroll","background-type":"","background-media":"","overlay-type":"","overlay-color":"","overlay-opacity":"","overlay-gradient":""},"mobile":{"background-color":"","background-image":"","background-repeat":"repeat","background-position":"center center","background-size":"auto","background-attachment":"scroll","background-type":"","background-media":"","overlay-type":"","overlay-color":"","overlay-opacity":"","overlay-gradient":""}},"ast-content-background-meta":{"desktop":{"background-color":"var(--ast-global-color-5)","background-image":"","background-repeat":"repeat","background-position":"center center","background-size":"auto","background-attachment":"scroll","background-type":"","background-media":"","overlay-type":"","overlay-color":"","overlay-opacity":"","overlay-gradient":""},"tablet":{"background-color":"var(--ast-global-color-5)","background-image":"","background-repeat":"repeat","background-position":"center center","background-size":"auto","background-attachment":"scroll","background-type":"","background-media":"","overlay-type":"","overlay-color":"","overlay-opacity":"","overlay-gradient":""},"mobile":{"background-color":"var(--ast-global-color-5)","background-image":"","background-repeat":"repeat","background-position":"center center","background-size":"auto","background-attachment":"scroll","background-type":"","background-media":"","overlay-type":"","overlay-color":"","overlay-opacity":"","overlay-gradient":""}}},"product_brand":[],"product_cat":[49,48],"product_tag":[],"class_list":{"0":"post-4837","1":"product","2":"type-product","3":"status-publish","4":"has-post-thumbnail","6":"product_cat-lavado-especial-tradicional","7":"product_cat-tostado","8":"desktop-align-left","9":"tablet-align-left","10":"mobile-align-left","12":"first","13":"instock","14":"featured","15":"shipping-taxable","16":"purchasable","17":"product-type-variable"},"jetpack_sharing_enabled":true,"_links":{"self":[{"href":"https:\/\/kussendcafe.com.mx\/index.php?rest_route=\/wp\/v2\/product\/4837","targetHints":{"allow":["GET"]}}],"collection":[{"href":"https:\/\/kussendcafe.com.mx\/index.php?rest_route=\/wp\/v2\/product"}],"about":[{"href":"https:\/\/kussendcafe.com.mx\/index.php?rest_route=\/wp\/v2\/types\/product"}],"version-history":[{"count":8,"href":"https:\/\/kussendcafe.com.mx\/index.php?rest_route=\/wp\/v2\/product\/4837\/revisions"}],"predecessor-version":[{"id":5835,"href":"https:\/\/kussendcafe.com.mx\/index.php?rest_route=\/wp\/v2\/product\/4837\/revisions\/5835"}],"wp:featuredmedia":[{"embeddable":true,"href":"https:\/\/kussendcafe.com.mx\/index.php?rest_route=\/wp\/v2\/media\/5167"}],"wp:attachment":[{"href":"https:\/\/kussendcafe.com.mx\/index.php?rest_route=%2Fwp%2Fv2%2Fmedia&parent=4837"}],"wp:term":[{"taxonomy":"product_brand","embeddable":true,"href":"https:\/\/kussendcafe.com.mx\/index.php?rest_route=%2Fwp%2Fv2%2Fproduct_brand&post=4837"},{"taxonomy":"product_cat","embeddable":true,"href":"https:\/\/kussendcafe.com.mx\/index.php?rest_route=%2Fwp%2Fv2%2Fproduct_cat&post=4837"},{"taxonomy":"product_tag","embeddable":true,"href":"https:\/\/kussendcafe.com.mx\/index.php?rest_route=%2Fwp%2Fv2%2Fproduct_tag&post=4837"}],"curies":[{"name":"wp","href":"https:\/\/api.w.org\/{rel}","templated":true}]}}