{"id":72,"date":"2020-12-07T01:17:33","date_gmt":"2020-12-07T01:17:33","guid":{"rendered":"http:\/\/cafe.vivetlaxiaco.mx\/?page_id=72"},"modified":"2022-01-02T17:42:04","modified_gmt":"2022-01-02T23:42:04","slug":"blog","status":"publish","type":"page","link":"https:\/\/kussendcafe.com.mx\/?page_id=72","title":{"rendered":"Blog"},"content":{"rendered":"\t\t<div data-elementor-type=\"wp-page\" data-elementor-id=\"72\" class=\"elementor elementor-72\">\n\t\t\t\t\t\t<section class=\"elementor-section elementor-top-section elementor-element elementor-element-66f727b elementor-section-boxed elementor-section-height-default elementor-section-height-default\" data-id=\"66f727b\" data-element_type=\"section\" data-e-type=\"section\">\n\t\t\t\t\t\t<div class=\"elementor-container elementor-column-gap-default\">\n\t\t\t\t\t<div class=\"elementor-column elementor-col-33 elementor-top-column elementor-element elementor-element-f93a1b3\" data-id=\"f93a1b3\" data-element_type=\"column\" data-e-type=\"column\">\n\t\t\t<div class=\"elementor-widget-wrap elementor-element-populated\">\n\t\t\t\t\t\t<div class=\"elementor-element elementor-element-04deabb elementor-widget elementor-widget-heading\" data-id=\"04deabb\" data-element_type=\"widget\" data-e-type=\"widget\" data-widget_type=\"heading.default\">\n\t\t\t\t<div class=\"elementor-widget-container\">\n\t\t\t\t\t<h2 class=\"elementor-heading-title elementor-size-default\">\u00a1Reconocemos\nla excelencia y consistencia de cada productor K\u00fa55end!<\/h2>\t\t\t\t<\/div>\n\t\t\t\t<\/div>\n\t\t\t\t<div class=\"elementor-element elementor-element-d7b10a1 elementor-widget elementor-widget-text-editor\" data-id=\"d7b10a1\" data-element_type=\"widget\" data-e-type=\"widget\" data-widget_type=\"text-editor.default\">\n\t\t\t\t<div class=\"elementor-widget-container\">\n\t\t\t\t\t\t\t\t\t<p>Juega un papel primordial el asesor de los procesos que implementa K\u00fa55end a cargo de la productora Itzel Sarabia y el desempe\u00f1o del productor dentro del proceso de producci\u00f3n de caf\u00e9.\u00a0<span style=\"font-style: inherit; font-weight: inherit; color: var( --e-global-color-text ); font-family: var( --e-global-typography-text-font-family ), Sans-serif;\">Trabajan en conjunto para mejorar la calidad de su caf\u00e9 y comparten las t\u00e9cnicas. En general, han estado creando una comunidad cafetera que conecta a todos los jugadores a trav\u00e9s del proyecto, garantizando a los productores para vender su cosecha. Pagando inmediatamente, un precio atractivo por kilo.<\/span><\/p>\t\t\t\t\t\t\t\t<\/div>\n\t\t\t\t<\/div>\n\t\t\t\t\t<\/div>\n\t\t<\/div>\n\t\t\t\t<div class=\"elementor-column elementor-col-66 elementor-top-column elementor-element elementor-element-34a6195\" data-id=\"34a6195\" data-element_type=\"column\" data-e-type=\"column\">\n\t\t\t<div class=\"elementor-widget-wrap elementor-element-populated\">\n\t\t\t\t\t\t<div class=\"elementor-element elementor-element-d114ba3 elementor-widget elementor-widget-image\" data-id=\"d114ba3\" data-element_type=\"widget\" data-e-type=\"widget\" data-widget_type=\"image.default\">\n\t\t\t\t<div class=\"elementor-widget-container\">\n\t\t\t\t\t\t\t\t\t\t\t\t\t\t\t<img fetchpriority=\"high\" decoding=\"async\" width=\"768\" height=\"1152\" src=\"https:\/\/i0.wp.com\/kussendcafe.com.mx\/wp-content\/uploads\/2022\/01\/20211128104929_IMG_0342-scaled-e1641164656467.jpg?fit=768%2C1152&amp;ssl=1\" class=\"attachment-medium_large size-medium_large wp-image-5476\" alt=\"\" srcset=\"https:\/\/i0.wp.com\/kussendcafe.com.mx\/wp-content\/uploads\/2022\/01\/20211128104929_IMG_0342-scaled-e1641164656467.jpg?w=1707&amp;ssl=1 1707w, https:\/\/i0.wp.com\/kussendcafe.com.mx\/wp-content\/uploads\/2022\/01\/20211128104929_IMG_0342-scaled-e1641164656467.jpg?resize=200%2C300&amp;ssl=1 200w, https:\/\/i0.wp.com\/kussendcafe.com.mx\/wp-content\/uploads\/2022\/01\/20211128104929_IMG_0342-scaled-e1641164656467.jpg?resize=683%2C1024&amp;ssl=1 683w, https:\/\/i0.wp.com\/kussendcafe.com.mx\/wp-content\/uploads\/2022\/01\/20211128104929_IMG_0342-scaled-e1641164656467.jpg?resize=768%2C1152&amp;ssl=1 768w, https:\/\/i0.wp.com\/kussendcafe.com.mx\/wp-content\/uploads\/2022\/01\/20211128104929_IMG_0342-scaled-e1641164656467.jpg?resize=1024%2C1536&amp;ssl=1 1024w, https:\/\/i0.wp.com\/kussendcafe.com.mx\/wp-content\/uploads\/2022\/01\/20211128104929_IMG_0342-scaled-e1641164656467.jpg?resize=1366%2C2048&amp;ssl=1 1366w, https:\/\/i0.wp.com\/kussendcafe.com.mx\/wp-content\/uploads\/2022\/01\/20211128104929_IMG_0342-scaled-e1641164656467.jpg?resize=400%2C600&amp;ssl=1 400w\" sizes=\"(max-width: 768px) 100vw, 768px\" \/>\t\t\t\t\t\t\t\t\t\t\t\t\t\t\t<\/div>\n\t\t\t\t<\/div>\n\t\t\t\t\t<\/div>\n\t\t<\/div>\n\t\t\t\t\t<\/div>\n\t\t<\/section>\n\t\t\t\t<section class=\"elementor-section elementor-top-section elementor-element elementor-element-f1d8d27 elementor-section-boxed elementor-section-height-default elementor-section-height-default\" data-id=\"f1d8d27\" data-element_type=\"section\" data-e-type=\"section\" data-settings=\"{&quot;background_background&quot;:&quot;classic&quot;}\">\n\t\t\t\t\t\t<div class=\"elementor-container elementor-column-gap-default\">\n\t\t\t\t\t<div class=\"elementor-column elementor-col-100 elementor-top-column elementor-element elementor-element-20409ee\" data-id=\"20409ee\" data-element_type=\"column\" data-e-type=\"column\">\n\t\t\t<div class=\"elementor-widget-wrap elementor-element-populated\">\n\t\t\t\t\t\t<div class=\"elementor-element elementor-element-8d30b0c elementor-widget elementor-widget-heading\" data-id=\"8d30b0c\" data-element_type=\"widget\" data-e-type=\"widget\" data-widget_type=\"heading.default\">\n\t\t\t\t<div class=\"elementor-widget-container\">\n\t\t\t\t\t<h2 class=\"elementor-heading-title elementor-size-default\">\u00a1Lo relevante!<\/h2>\t\t\t\t<\/div>\n\t\t\t\t<\/div>\n\t\t\t\t<div class=\"elementor-element elementor-element-e777b28 elementor-widget elementor-widget-text-editor\" data-id=\"e777b28\" data-element_type=\"widget\" data-e-type=\"widget\" data-widget_type=\"text-editor.default\">\n\t\t\t\t<div class=\"elementor-widget-container\">\n\t\t\t\t\t\t\t\t\t<p>Nuestros microlotes con atributos sensoriales \u00fanicos buscan crear una armon\u00eda de sabores que resalten en la taza el esfuerzo de cada familia productora. Nuestro caf\u00e9 celebra el trabajo artesanal de los productores, nuestro origen de la Mixteca y municipios pertenecientes a Oaxaca, Santa Mar\u00eda Yucuhiti y Santiago Nuyoo, son caracterizadas de gente que le agrega una chispa de amor a su trabajo aunado a ello, suelo, clima, sabores, y procesos de fermentaci\u00f3n; as\u00ed como la excepcionalidad de un perfil de tueste desarrollado \u00fanicamente para los microlotes que lo componen los hacen en caf\u00e9s extraordinarios.<\/p>\t\t\t\t\t\t\t\t<\/div>\n\t\t\t\t<\/div>\n\t\t\t\t\t<\/div>\n\t\t<\/div>\n\t\t\t\t\t<\/div>\n\t\t<\/section>\n\t\t\t\t<section class=\"elementor-section elementor-top-section elementor-element elementor-element-e76356f elementor-section-boxed elementor-section-height-default elementor-section-height-default\" data-id=\"e76356f\" data-element_type=\"section\" data-e-type=\"section\">\n\t\t\t\t\t\t<div class=\"elementor-container elementor-column-gap-default\">\n\t\t\t\t\t<div class=\"elementor-column elementor-col-100 elementor-top-column elementor-element elementor-element-2db4299\" data-id=\"2db4299\" data-element_type=\"column\" data-e-type=\"column\">\n\t\t\t<div class=\"elementor-widget-wrap elementor-element-populated\">\n\t\t\t\t\t\t<div class=\"elementor-element elementor-element-2de9c1c elementor-widget elementor-widget-spacer\" data-id=\"2de9c1c\" data-element_type=\"widget\" data-e-type=\"widget\" data-widget_type=\"spacer.default\">\n\t\t\t\t<div class=\"elementor-widget-container\">\n\t\t\t\t\t\t\t<div class=\"elementor-spacer\">\n\t\t\t<div class=\"elementor-spacer-inner\"><\/div>\n\t\t<\/div>\n\t\t\t\t\t\t<\/div>\n\t\t\t\t<\/div>\n\t\t\t\t\t<\/div>\n\t\t<\/div>\n\t\t\t\t\t<\/div>\n\t\t<\/section>\n\t\t\t\t<section class=\"elementor-section elementor-top-section elementor-element elementor-element-9b92ca3 elementor-section-boxed elementor-section-height-default elementor-section-height-default\" data-id=\"9b92ca3\" data-element_type=\"section\" data-e-type=\"section\">\n\t\t\t\t\t\t<div class=\"elementor-container elementor-column-gap-default\">\n\t\t\t\t\t<div class=\"elementor-column elementor-col-66 elementor-top-column elementor-element elementor-element-7e0a744\" data-id=\"7e0a744\" data-element_type=\"column\" data-e-type=\"column\">\n\t\t\t<div class=\"elementor-widget-wrap elementor-element-populated\">\n\t\t\t\t\t\t<div class=\"elementor-element elementor-element-8b10e4b elementor-widget elementor-widget-image\" data-id=\"8b10e4b\" data-element_type=\"widget\" data-e-type=\"widget\" data-widget_type=\"image.default\">\n\t\t\t\t<div class=\"elementor-widget-container\">\n\t\t\t\t\t\t\t\t\t\t\t\t\t\t\t<img decoding=\"async\" width=\"922\" height=\"1024\" src=\"https:\/\/i0.wp.com\/kussendcafe.com.mx\/wp-content\/uploads\/2021\/12\/20211005_100834-scaled.jpg?fit=922%2C1024&amp;ssl=1\" class=\"attachment-large size-large wp-image-5399\" alt=\"\" srcset=\"https:\/\/i0.wp.com\/kussendcafe.com.mx\/wp-content\/uploads\/2021\/12\/20211005_100834-scaled.jpg?w=2306&amp;ssl=1 2306w, https:\/\/i0.wp.com\/kussendcafe.com.mx\/wp-content\/uploads\/2021\/12\/20211005_100834-scaled.jpg?resize=270%2C300&amp;ssl=1 270w, https:\/\/i0.wp.com\/kussendcafe.com.mx\/wp-content\/uploads\/2021\/12\/20211005_100834-scaled.jpg?resize=922%2C1024&amp;ssl=1 922w, https:\/\/i0.wp.com\/kussendcafe.com.mx\/wp-content\/uploads\/2021\/12\/20211005_100834-scaled.jpg?resize=768%2C853&amp;ssl=1 768w, https:\/\/i0.wp.com\/kussendcafe.com.mx\/wp-content\/uploads\/2021\/12\/20211005_100834-scaled.jpg?resize=1384%2C1536&amp;ssl=1 1384w, https:\/\/i0.wp.com\/kussendcafe.com.mx\/wp-content\/uploads\/2021\/12\/20211005_100834-scaled.jpg?resize=1845%2C2048&amp;ssl=1 1845w, https:\/\/i0.wp.com\/kussendcafe.com.mx\/wp-content\/uploads\/2021\/12\/20211005_100834-scaled.jpg?resize=400%2C444&amp;ssl=1 400w\" sizes=\"(max-width: 922px) 100vw, 922px\" \/>\t\t\t\t\t\t\t\t\t\t\t\t\t\t\t<\/div>\n\t\t\t\t<\/div>\n\t\t\t\t\t<\/div>\n\t\t<\/div>\n\t\t\t\t<div class=\"elementor-column elementor-col-33 elementor-top-column elementor-element elementor-element-15c105e\" data-id=\"15c105e\" data-element_type=\"column\" data-e-type=\"column\">\n\t\t\t<div class=\"elementor-widget-wrap elementor-element-populated\">\n\t\t\t\t\t\t<div class=\"elementor-element elementor-element-6558f22 elementor-widget elementor-widget-heading\" data-id=\"6558f22\" data-element_type=\"widget\" data-e-type=\"widget\" data-widget_type=\"heading.default\">\n\t\t\t\t<div class=\"elementor-widget-container\">\n\t\t\t\t\t<h2 class=\"elementor-heading-title elementor-size-default\">Relaciones s\u00f3lidas<\/h2>\t\t\t\t<\/div>\n\t\t\t\t<\/div>\n\t\t\t\t<div class=\"elementor-element elementor-element-68a39ce elementor-widget elementor-widget-text-editor\" data-id=\"68a39ce\" data-element_type=\"widget\" data-e-type=\"widget\" data-widget_type=\"text-editor.default\">\n\t\t\t\t<div class=\"elementor-widget-container\">\n\t\t\t\t\t\t\t\t\t<p>Para nosotros, los clientes y los productores tienen la misma importancia. Los dos son parte esencial de la cadena y sin uno no existir\u00eda el otro. As\u00ed que, si bien enviamos muestras en caf\u00e9 verde o tostado, nos gusta recibir a nuestros clientes en casa.\u00a0<span style=\"font-style: inherit; font-weight: inherit; color: var( --e-global-color-text ); font-family: var( --e-global-typography-text-font-family ), Sans-serif;\">Ellos, como nosotros, ser\u00e1n embajadores de este pa\u00eds y queremos asegurarnos que comprendan de d\u00f3nde provienen los caf\u00e9s, que conozcan al productor y las actividades interminables que se realizan durante meses hasta la cosecha y que al mismo tiempo est\u00e9n seguros de que valoramos su preferencia.<\/span><\/p><p>\u00a0<\/p>\t\t\t\t\t\t\t\t<\/div>\n\t\t\t\t<\/div>\n\t\t\t\t\t<\/div>\n\t\t<\/div>\n\t\t\t\t\t<\/div>\n\t\t<\/section>\n\t\t\t\t<\/div>\n\t\t","protected":false},"excerpt":{"rendered":"<p>\u00a1Reconocemos la excelencia y consistencia de cada productor K\u00fa55end! Juega un papel primordial el asesor de los procesos que implementa K\u00fa55end a cargo de la productora Itzel Sarabia y el desempe\u00f1o del productor dentro del proceso de producci\u00f3n de caf\u00e9.\u00a0Trabajan en conjunto para mejorar la calidad de su caf\u00e9 y comparten las t\u00e9cnicas. En general, [&hellip;]<\/p>\n","protected":false},"author":1,"featured_media":0,"parent":0,"menu_order":0,"comment_status":"closed","ping_status":"closed","template":"","meta":{"site-sidebar-layout":"no-sidebar","site-content-layout":"page-builder","ast-site-content-layout":"default","site-content-style":"default","site-sidebar-style":"default","ast-global-header-display":"","ast-banner-title-visibility":"","ast-main-header-display":"","ast-hfb-above-header-display":"","ast-hfb-below-header-display":"","ast-hfb-mobile-header-display":"","site-post-title":"disabled","ast-breadcrumbs-content":"","ast-featured-img":"disabled","footer-sml-layout":"","ast-disable-related-posts":"","theme-transparent-header-meta":"default","adv-header-id-meta":"","stick-header-meta":"","header-above-stick-meta":"","header-main-stick-meta":"","header-below-stick-meta":"","astra-migrate-meta-layouts":"default","ast-page-background-enabled":"default","ast-page-background-meta":{"desktop":{"background-color":"","background-image":"","background-repeat":"repeat","background-position":"center center","background-size":"auto","background-attachment":"scroll","background-type":"","background-media":"","overlay-type":"","overlay-color":"","overlay-opacity":"","overlay-gradient":""},"tablet":{"background-color":"","background-image":"","background-repeat":"repeat","background-position":"center center","background-size":"auto","background-attachment":"scroll","background-type":"","background-media":"","overlay-type":"","overlay-color":"","overlay-opacity":"","overlay-gradient":""},"mobile":{"background-color":"","background-image":"","background-repeat":"repeat","background-position":"center center","background-size":"auto","background-attachment":"scroll","background-type":"","background-media":"","overlay-type":"","overlay-color":"","overlay-opacity":"","overlay-gradient":""}},"ast-content-background-meta":{"desktop":{"background-color":"var(--ast-global-color-5)","background-image":"","background-repeat":"repeat","background-position":"center center","background-size":"auto","background-attachment":"scroll","background-type":"","background-media":"","overlay-type":"","overlay-color":"","overlay-opacity":"","overlay-gradient":""},"tablet":{"background-color":"var(--ast-global-color-5)","background-image":"","background-repeat":"repeat","background-position":"center center","background-size":"auto","background-attachment":"scroll","background-type":"","background-media":"","overlay-type":"","overlay-color":"","overlay-opacity":"","overlay-gradient":""},"mobile":{"background-color":"var(--ast-global-color-5)","background-image":"","background-repeat":"repeat","background-position":"center center","background-size":"auto","background-attachment":"scroll","background-type":"","background-media":"","overlay-type":"","overlay-color":"","overlay-opacity":"","overlay-gradient":""}},"footnotes":""},"class_list":["post-72","page","type-page","status-publish","hentry"],"jetpack_sharing_enabled":true,"_links":{"self":[{"href":"https:\/\/kussendcafe.com.mx\/index.php?rest_route=\/wp\/v2\/pages\/72","targetHints":{"allow":["GET"]}}],"collection":[{"href":"https:\/\/kussendcafe.com.mx\/index.php?rest_route=\/wp\/v2\/pages"}],"about":[{"href":"https:\/\/kussendcafe.com.mx\/index.php?rest_route=\/wp\/v2\/types\/page"}],"author":[{"embeddable":true,"href":"https:\/\/kussendcafe.com.mx\/index.php?rest_route=\/wp\/v2\/users\/1"}],"replies":[{"embeddable":true,"href":"https:\/\/kussendcafe.com.mx\/index.php?rest_route=%2Fwp%2Fv2%2Fcomments&post=72"}],"version-history":[{"count":9,"href":"https:\/\/kussendcafe.com.mx\/index.php?rest_route=\/wp\/v2\/pages\/72\/revisions"}],"predecessor-version":[{"id":5479,"href":"https:\/\/kussendcafe.com.mx\/index.php?rest_route=\/wp\/v2\/pages\/72\/revisions\/5479"}],"wp:attachment":[{"href":"https:\/\/kussendcafe.com.mx\/index.php?rest_route=%2Fwp%2Fv2%2Fmedia&parent=72"}],"curies":[{"name":"wp","href":"https:\/\/api.w.org\/{rel}","templated":true}]}}